{"id":2,"date":"2008-11-13T12:05:21","date_gmt":"2008-11-13T11:05:21","guid":{"rendered":"http:\/\/enattendantdexposer.fr\/\/\/?page_id=2"},"modified":"2015-05-17T19:13:29","modified_gmt":"2015-05-17T17:13:29","slug":"a-propos","status":"publish","type":"page","link":"https:\/\/enattendantdexposer.fr\/?page_id=2","title":{"rendered":"A propos de ce blog"},"content":{"rendered":"<p>Vous trouverez sur cette page des informations techniques et l&rsquo;historique des \u00e9volutions de ce blog.<\/p>\n<p>Th\u00e8me cr\u00e9\u00e9 par moi m\u00eame \u00e0 partir des tutoriels publi\u00e9s par <a href=\"http:\/\/www.fran6art.com\/wordpress\/creez-votre-theme-wordpress-de-a-a-z\/\" target=\"_blank\">fran6art<\/a>.<\/p>\n<p><span style=\"color: #999999;\"><strong>Plugins install\u00e9s :<\/strong><\/span> <a href=\"http:\/\/akismet.com\/\" target=\"_blank\">Akismet<\/a> ;\u00a0<a href=\"http:\/\/yoast.com\/wordpress\/clicky\/\" target=\"_blank\">Clicky for WordPress<\/a> ; <a href=\"http:\/\/archetyped.com\/tools\/simple-lightbox\/\" target=\"_blank\">Simple Lightbox<\/a> ; <a href=\"https:\/\/wordpress.org\/plugins\/wp-optimize\/\" target=\"_blank\">WP-Optimize<\/a> ;<\/p>\n<p><span style=\"color: #999999;\"><strong>Historique :<\/strong><\/span><br \/>\nle 17\/05\/2015, import des anciens articles post\u00e9s sur Canalblog gr\u00e2ce \u00e0 <a href=\"https:\/\/wordpress.org\/plugins\/canalblog-importer\/\" target=\"_blank\">Canalblog Importer<\/a>,<br \/>\nle 15\/05\/2015, r\u00e9installation compl\u00e8te du blog suite \u00e0 diff\u00e9rents bugs constat\u00e9s, modification du th\u00e8me (nouvelle largeur, modification menus), ajout du plugin &lsquo;WP-Optimize&rsquo;, suppression des plugins plus utilis\u00e9s et quelques autres modifications mineures,<br \/>\nle 08\/05\/2015, mise \u00e0 jour manuelle en WordPress 4.2.2 et activation des mises \u00e0 jour automatiques,<br \/>\nle 23\/04\/2014, mise \u00e0 jour en WordPress 3.9,<br \/>\nle 23\/03\/2014, suppression du plugin &lsquo;Lightbox Gallery&rsquo;, ajout du plugin &lsquo;Simple Lightbox&rsquo;,<br \/>\nle 22\/03\/2014, mise \u00e0 jour en WordPress 3.8.1 et PHP 5.4, suppression des plugins &lsquo;Flickrpress&rsquo; et &lsquo;All in One SEO Pack&rsquo; et quelques autres modifications mineures,<br \/>\nle 16\/01\/2012, mise \u00e0 jour en WordPress 3.1.4,<br \/>\nle 18\/12\/2010, mise \u00e0 jour en WordPress 3.0.3,<br \/>\nle 07\/08\/2010, mise \u00e0 jour en WordPress 3.0.1,<br \/>\nle 16\/07\/2010, migration en WordPress 3.0,<br \/>\nle 17\/03\/2010, mise \u00e0 jour en WordPress 2.9.2,<br \/>\nle 04\/01\/2010, activation du plugin &lsquo;All in One SEO Pack&rsquo;,<br \/>\nle 24\/11\/2009, mise \u00e0 jour en WordPress 2.8.6,<br \/>\nle 12\/08\/2009, mise \u00e0 jour en WordPress 2.8.4,<br \/>\nle 10\/08\/2009, mise \u00e0 jour en WordPress 2.8.3,<br \/>\nle 09\/08\/2009, activation du plugin &lsquo;Akismet&rsquo;,<br \/>\nle 04\/08\/2009, activation du plugin &lsquo;Flickrpress&rsquo;,<br \/>\nle 22\/07\/2009, mise \u00e0 jour en WordPress 2.8.2,<br \/>\nle 11\/07\/2009, mise \u00e0 jour en WordPress 2.8.1,<br \/>\nle 06\/07\/2009, suppression du plugin &lsquo;Twitter updater&rsquo;, ajout du plugin &lsquo;WP to Twitter&rsquo;,<br \/>\nle 29\/06\/2009, ajout du plugin &lsquo;Twitter updater&rsquo;,<br \/>\nle 30\/05\/2009, ajout du plugin &lsquo;XML Google Maps&rsquo;,<br \/>\nv1. publi\u00e9e le 20\/05\/2009, ajout du plugin &lsquo;Simple Trackback Validation&rsquo;,<br \/>\nle 30\/03\/2009, ajout du plugin &lsquo;Countdown Timer&rsquo;,<br \/>\nle 22\/03\/2009, suppression du plugin &lsquo;Blog Stats by W3Counter&rsquo;, ajout du plugin &lsquo;Clicky Web Analytics&rsquo;,<br \/>\nle 12\/03\/2009, modification du code dans des fichiers .js du plugin &lsquo;jQuery Lightbox&rsquo; pour que les images affich\u00e9es en overlay utilisent 90% de la taille \u00e9cran, ajout du plugin &lsquo;Add Lightbox&rsquo;,<br \/>\nle 11\/03\/2009, modification du code PHP pour corriger les probl\u00e8mes d&rsquo;affichage avec Internet Explorer, suppression du plugin &lsquo;FancyBox for WordPress&rsquo;, ajout du plugin &lsquo;jQuery Lightbox&rsquo;,<br \/>\nle 10\/03\/2009, modification de pr\u00e9sentation (suppression de l&rsquo;ent\u00eate de post, modification du pied de post, modification du comportement des liens),<br \/>\nle 09\/03\/2009, modification de pr\u00e9sentation (date en ent\u00eate de post, liens soulign\u00e9s ou color\u00e9s, ajout des &lsquo;Mots-cl\u00e9s&rsquo; en pied de post),<br \/>\nle 08\/03\/2009, suppression du plugin &lsquo;WP lightbox JS&rsquo;, ajout du plugin &lsquo;FancyBox for WordPress&rsquo;,<br \/>\nle 07\/03\/2009, ajout du plugin &lsquo;WP lightbox JS&rsquo;,<br \/>\nle 07\/03\/2009, ajout de la page &lsquo;A Propos&#8230;&rsquo;,<br \/>\nle 06\/03\/2009, modification de l&rsquo;affichage des dates, ajout d&rsquo;une ligne de s\u00e9paration des articles, ajout des statistiques W3Counter,<br \/>\nle 04\/03\/2009, ouverture du blog.<\/p>\n<p><span style=\"color: #999999;\"><strong>H\u00e9bergeur :<\/strong><\/span> <a href=\"http:\/\/www.ovh.com\/fr\/\" target=\"_blank\">OVH<\/a> (pack Start 1G)<\/p>\n","protected":false},"excerpt":{"rendered":"<p>Vous trouverez sur cette page des informations techniques et l&rsquo;historique des \u00e9volutions de ce blog. Th\u00e8me cr\u00e9\u00e9 par moi m\u00eame \u00e0 partir des tutoriels publi\u00e9s par fran6art. Plugins install\u00e9s : Akismet ;\u00a0Clicky for WordPress ; Simple Lightbox ; WP-Optimize ; Historique : le 17\/05\/2015, import des anciens articles post\u00e9s sur Canalblog gr\u00e2ce \u00e0 Canalblog Importer, [&hellip;]<\/p>\n","protected":false},"author":1,"featured_media":0,"parent":0,"menu_order":0,"comment_status":"open","ping_status":"open","template":"","meta":{"footnotes":""},"class_list":["post-2","page","type-page","status-publish","hentry"],"_links":{"self":[{"href":"https:\/\/enattendantdexposer.fr\/index.php?rest_route=\/wp\/v2\/pages\/2","targetHints":{"allow":["GET"]}}],"collection":[{"href":"https:\/\/enattendantdexposer.fr\/index.php?rest_route=\/wp\/v2\/pages"}],"about":[{"href":"https:\/\/enattendantdexposer.fr\/index.php?rest_route=\/wp\/v2\/types\/page"}],"author":[{"embeddable":true,"href":"https:\/\/enattendantdexposer.fr\/index.php?rest_route=\/wp\/v2\/users\/1"}],"replies":[{"embeddable":true,"href":"https:\/\/enattendantdexposer.fr\/index.php?rest_route=%2Fwp%2Fv2%2Fcomments&post=2"}],"version-history":[{"count":0,"href":"https:\/\/enattendantdexposer.fr\/index.php?rest_route=\/wp\/v2\/pages\/2\/revisions"}],"wp:attachment":[{"href":"https:\/\/enattendantdexposer.fr\/index.php?rest_route=%2Fwp%2Fv2%2Fmedia&parent=2"}],"curies":[{"name":"wp","href":"https:\/\/api.w.org\/{rel}","templated":true}]}}