{"id":16,"date":"2009-03-07T14:23:05","date_gmt":"2009-03-07T13:23:05","guid":{"rendered":"http:\/\/enattendantdexposer.fr\/?page_id=16"},"modified":"2015-05-15T17:30:56","modified_gmt":"2015-05-15T15:30:56","slug":"materiel","status":"publish","type":"page","link":"https:\/\/enattendantdexposer.fr\/?page_id=16","title":{"rendered":"Mon mat\u00e9riel photo"},"content":{"rendered":"<div class=\"post_content\">\n<p><img decoding=\"async\" alt=\"\" src=\"https:\/\/enattendantdexposer.fr\/wp-includes\/images\/canonuser.gif\" border=\"0\" \/><\/p>\n<p><strong>Boitier :<\/strong> Canon EOS 50D.<\/p>\n<p><strong>Objectifs :<\/strong> Canon EF 50 f1.8 II, Canon EF 17-40 f4\/L, Canon EF 24-70 f2.8\/L, Canon EF 70-200 f2.8\/L IS USM.<\/p>\n<p><strong>Accessoires :<\/strong> flash Canon Speedlite 430EX II, transmetteur Speedlite ST-E2, mini-tr\u00e9pied Manfrotto 709B, tr\u00e9pied Manfrotto 190XB, monopod Manfrotto 790B, boule de mise \u00e0 niveau Manfrotto 438, t\u00eate panoramique Nodal Ninja 3, rotule Really Right Stuff BH-25 LR, attache rapide Really Right Stuff, t\u00e9l\u00e9commande Canon TC-80N3, sacs \u00e0 dos Lowepro Mini Trekker Classic, charte de gris Scuadra TrueColors.<\/p>\n<p><strong>Ordinateur :<\/strong> Apple MacBook Air (Intel Core i7 \u00e0 1,7 GHz, 8 Go, Mac OS 10.9), Apple LED Cinema Display 27&Prime;, Drobo S.<\/p>\n<p><strong>Logiciels :<\/strong> Adobe Photoshop Lightroom 6, Autopano Giga 3.7, Microsoft AutoCollage 2008 et quelques autres utilitaires.<\/p>\n<\/div>\n","protected":false},"excerpt":{"rendered":"<p>Boitier : Canon EOS 50D. Objectifs : Canon EF 50 f1.8 II, Canon EF 17-40 f4\/L, Canon EF 24-70 f2.8\/L, Canon EF 70-200 f2.8\/L IS USM. Accessoires : flash Canon Speedlite 430EX II, transmetteur Speedlite ST-E2, mini-tr\u00e9pied Manfrotto 709B, tr\u00e9pied Manfrotto 190XB, monopod Manfrotto 790B, boule de mise \u00e0 niveau Manfrotto 438, t\u00eate panoramique Nodal [&hellip;]<\/p>\n","protected":false},"author":1,"featured_media":0,"parent":0,"menu_order":0,"comment_status":"open","ping_status":"open","template":"","meta":{"footnotes":""},"class_list":["post-16","page","type-page","status-publish","hentry"],"_links":{"self":[{"href":"https:\/\/enattendantdexposer.fr\/index.php?rest_route=\/wp\/v2\/pages\/16","targetHints":{"allow":["GET"]}}],"collection":[{"href":"https:\/\/enattendantdexposer.fr\/index.php?rest_route=\/wp\/v2\/pages"}],"about":[{"href":"https:\/\/enattendantdexposer.fr\/index.php?rest_route=\/wp\/v2\/types\/page"}],"author":[{"embeddable":true,"href":"https:\/\/enattendantdexposer.fr\/index.php?rest_route=\/wp\/v2\/users\/1"}],"replies":[{"embeddable":true,"href":"https:\/\/enattendantdexposer.fr\/index.php?rest_route=%2Fwp%2Fv2%2Fcomments&post=16"}],"version-history":[{"count":0,"href":"https:\/\/enattendantdexposer.fr\/index.php?rest_route=\/wp\/v2\/pages\/16\/revisions"}],"wp:attachment":[{"href":"https:\/\/enattendantdexposer.fr\/index.php?rest_route=%2Fwp%2Fv2%2Fmedia&parent=16"}],"curies":[{"name":"wp","href":"https:\/\/api.w.org\/{rel}","templated":true}]}}